{"id":43,"date":"2020-03-17T10:06:16","date_gmt":"2020-03-17T10:06:16","guid":{"rendered":"http:\/\/schmidt-automobile24.de\/?page_id=43"},"modified":"2020-03-17T12:29:31","modified_gmt":"2020-03-17T12:29:31","slug":"6036-988960","status":"publish","type":"page","link":"http:\/\/schmidt-automobile24.de\/?page_id=43","title":{"rendered":"IMPRESSUM"},"content":{"rendered":"\n<p>Holger Schmidt<br>KFZ Handel&nbsp;<br>Industriestr 11<br>61200 W\u00f6lfersheim<br>Deutschland&nbsp;<\/p>\n\n\n\n<p>Tel.: 06036 988960<br>Fax: 06036 988958<br>E-Mail: verkauf@schmidt-automobile24.de&nbsp;<\/p>\n\n\n\n<p>Umsatzsteuer-Identifikationsnummer gem\u00e4\u00df \u00a7 27 a Umsatzsteuergesetz: DE813075600&nbsp;<\/p>\n\n\n\n<p>Plattform der EU-Kommission zur Online-Streitbeilegung:&nbsp;<a target=\"_blank\" href=\"https:\/\/ec.europa.eu\/odr\" rel=\"noreferrer noopener\">https:\/\/ec.europa.eu\/odr<\/a><\/p>\n\n\n\n<p>Wir sind zur Teilnahme an einem Streitbeilegungsverfahren vor einer Verbraucherschlichtungsstelle weder verpflichtet noch bereit.<\/p>\n\n\n\n<p>Alle Rechte vorbehalten. Texte, Bilder, Grafiken, Sound, Animationen und Videos unterliegen dem Schutz des Urheberrechts und anderer Schutzgesetze. Der Inhalt dieser Website darf nicht zu kommerziellen Zwecken verbreitet oder Dritten zug\u00e4nglich gemacht werden. Irrt\u00fcmer und \u00c4nderungen vorbehalten.<\/p>\n\n\n\n<p>Sollten wir auf diesen Seiten Verkn\u00fcpfungen zu anderen Seiten im Internet angelegt haben, so haben wir auf s\u00e4mtliche Links keinerlei Einfluss. Deshalb distanzieren wir uns hiermit ausdr\u00fccklich von allen Inhalten der verkn\u00fcpften Seiten. Diese Erkl\u00e4rung gilt f\u00fcr alle auf dieser Seite ausgebrachten Links und f\u00fcr alle Inhalte der Seiten, zu denen ggf. Banner f\u00fchren.<\/p>\n\n\n\n<p><\/p>\n","protected":false},"excerpt":{"rendered":"<p>Holger SchmidtKFZ Handel&nbsp;Industriestr 1161200 W\u00f6lfersheimDeutschland&nbsp; Tel.: 06036 988960Fax: 06036 988958E-Mail: verkauf@schmidt-automobile24.de&nbsp; Umsatzsteuer-Identifikationsnummer gem\u00e4\u00df \u00a7 27 a Umsatzsteuergesetz: DE813075600&nbsp; Plattform der EU-Kommission zur Online-Streitbeilegung:&nbsp;https:\/\/ec.europa.eu\/odr Wir sind zur Teilnahme an einem Streitbeilegungsverfahren vor einer Verbraucherschlichtungsstelle weder verpflichtet noch bereit. Alle Rechte vorbehalten. Texte, Bilder, Grafiken, Sound, Animationen und Videos unterliegen dem Schutz des Urheberrechts und anderer Schutzgesetze. &#8230; <a title=\"IMPRESSUM\" class=\"read-more\" href=\"http:\/\/schmidt-automobile24.de\/?page_id=43\" aria-label=\"Mehr Informationen \u00fcber IMPRESSUM\">Weiterlesen<\/a><\/p>\n","protected":false},"author":1,"featured_media":0,"parent":0,"menu_order":0,"comment_status":"closed","ping_status":"closed","template":"","meta":{"footnotes":""},"class_list":["post-43","page","type-page","status-publish"],"_links":{"self":[{"href":"http:\/\/schmidt-automobile24.de\/index.php?rest_route=\/wp\/v2\/pages\/43","targetHints":{"allow":["GET"]}}],"collection":[{"href":"http:\/\/schmidt-automobile24.de\/index.php?rest_route=\/wp\/v2\/pages"}],"about":[{"href":"http:\/\/schmidt-automobile24.de\/index.php?rest_route=\/wp\/v2\/types\/page"}],"author":[{"embeddable":true,"href":"http:\/\/schmidt-automobile24.de\/index.php?rest_route=\/wp\/v2\/users\/1"}],"replies":[{"embeddable":true,"href":"http:\/\/schmidt-automobile24.de\/index.php?rest_route=%2Fwp%2Fv2%2Fcomments&post=43"}],"version-history":[{"count":4,"href":"http:\/\/schmidt-automobile24.de\/index.php?rest_route=\/wp\/v2\/pages\/43\/revisions"}],"predecessor-version":[{"id":86,"href":"http:\/\/schmidt-automobile24.de\/index.php?rest_route=\/wp\/v2\/pages\/43\/revisions\/86"}],"wp:attachment":[{"href":"http:\/\/schmidt-automobile24.de\/index.php?rest_route=%2Fwp%2Fv2%2Fmedia&parent=43"}],"curies":[{"name":"wp","href":"https:\/\/api.w.org\/{rel}","templated":true}]}}